{"id":1086,"date":"2025-09-23T16:46:13","date_gmt":"2025-09-23T14:46:13","guid":{"rendered":"https:\/\/www.5thfloor.be\/?page_id=1086"},"modified":"2025-12-10T16:43:41","modified_gmt":"2025-12-10T15:43:41","slug":"accessibilite","status":"publish","type":"page","link":"https:\/\/www.5thfloor.be\/fr\/accessibilite\/","title":{"rendered":"Accessibilit\u00e9"},"content":{"rendered":"<div class=\"wp-block-group has-global-padding is-layout-constrained wp-block-group-is-layout-constrained\" style=\"margin-top:var(--wp--preset--spacing--large);margin-bottom:var(--wp--preset--spacing--xx-large);padding-top:0;padding-bottom:0\">\n<div class=\"wp-block-columns is-layout-flex wp-container-core-columns-is-layout-33971604 wp-block-columns-is-layout-flex\" style=\"border-top-style:none;border-top-width:0px;padding-top:0;padding-bottom:0\">\n<div class=\"wp-block-column is-layout-flow wp-block-column-is-layout-flow\" style=\"flex-basis:75%\">\n<div class=\"wp-block-group top-divider has-global-padding is-layout-constrained wp-container-core-group-is-layout-6389071f wp-block-group-is-layout-constrained\" style=\"border-radius:10px;border-top-color:var(--wp--preset--color--tertiary);border-top-width:1px;padding-top:var(--wp--preset--spacing--medium);padding-right:0;padding-bottom:var(--wp--preset--spacing--small);padding-left:0\">\n<p class=\"has-text-color has-link-color has-x-small-font-size wp-elements-a282f705a6d3029e57330cb5bb90acbe\" style=\"color:#84817f\">Derni\u00e8re mise \u00e0 jour : 05 d\u00e9cembre 2025<\/p>\n\n\n\n<p>Chez 5th floor, nous pensons que l'acc\u00e8s \u00e0 l'information et aux services num\u00e9riques doit \u00eatre accessible \u00e0 tous, ind\u00e9pendamment de l'\u00e2ge, des capacit\u00e9s ou des outils utilis\u00e9s.<\/p>\n\n\n\n<p>Bien que le site web http:\/\/www.5thfloor.be ne soit pas soumis \u00e0 une obligation l\u00e9gale en mati\u00e8re d'accessibilit\u00e9, nous avons choisi de publier cette d\u00e9claration dans le cadre de notre engagement en mati\u00e8re de responsabilit\u00e9 sociale des entreprises (RSE). Elle refl\u00e8te notre mission : <strong>concevoir des solutions num\u00e9riques utiles, durables et accessibles \u00e0 tous.<\/strong><\/p>\n\n\n\n<p>Cette page pr\u00e9sente notre niveau de conformit\u00e9, les actions d\u00e9j\u00e0 mises en \u0153uvre et les am\u00e9liorations pr\u00e9vues.<\/p>\n\n\n\n<h2 class=\"wp-block-heading\">Niveau de conformit\u00e9<\/h2>\n\n\n\n<p>Le site web de 5th Floor a \u00e9t\u00e9 enti\u00e8rement repens\u00e9, en int\u00e9grant d\u00e8s le d\u00e9part les meilleures pratiques en mati\u00e8re d'accessibilit\u00e9. Une auto-\u00e9valuation a \u00e9t\u00e9 r\u00e9alis\u00e9e par notre \u00e9quipe UX.<\/p>\n\n\n\n<p>Les <strong>R\u00e8gles pour l'accessibilit\u00e9 du contenu Web (WCAG)<\/strong> d\u00e9finissent trois niveaux de conformit\u00e9 : A, AA et AAA.<\/p>\n\n\n\n<p>Notre site est partiellement conforme \u00e0 <strong>WCAG 2.2 - Niveau AA<\/strong>, Les r\u00e9sultats de l'enqu\u00eate ont \u00e9t\u00e9 positifs, en raison des domaines d'am\u00e9lioration \u00e9num\u00e9r\u00e9s ci-dessous.<\/p>\n<\/div>\n\n\n\n<div class=\"wp-block-group top-divider has-global-padding is-layout-constrained wp-container-core-group-is-layout-6389071f wp-block-group-is-layout-constrained\" style=\"border-radius:10px;border-top-color:var(--wp--preset--color--tertiary);border-top-width:1px;padding-top:var(--wp--preset--spacing--medium);padding-right:0;padding-bottom:var(--wp--preset--spacing--small);padding-left:0\">\n<h2 class=\"wp-block-heading\">R\u00e9sultats de l'\u00e9valuation<\/h2>\n\n\n\n<p><strong>\u00c0 ce jour:<\/strong><\/p>\n\n\n\n<ul class=\"wp-block-list\">\n<li>La structure du site respecte les meilleures pratiques s\u00e9mantiques (titres, listes, \u00e9tiquettes de liens).<\/li>\n\n\n\n<li>Les contrastes de couleur sont constants pour la plupart des \u00e9l\u00e9ments.<\/li>\n\n\n\n<li>Le site est navigable au clavier et compatible avec les lecteurs d'\u00e9cran (test\u00e9 avec NVDA et VoiceOver).<\/li>\n\n\n\n<li>Certains contenus visuels n'ont pas encore de texte alternatif complet.<\/li>\n\n\n\n<li>Les composants interactifs (formulaires, menus) font l'objet d'une optimisation continue.<\/li>\n<\/ul>\n<\/div>\n\n\n\n<div class=\"wp-block-group top-divider has-global-padding is-layout-constrained wp-container-core-group-is-layout-6389071f wp-block-group-is-layout-constrained\" style=\"border-radius:10px;border-top-color:var(--wp--preset--color--tertiary);border-top-width:1px;padding-top:var(--wp--preset--spacing--medium);padding-right:0;padding-bottom:var(--wp--preset--spacing--small);padding-left:0\">\n<h2 class=\"wp-block-heading\">Le contenu n'est pas enti\u00e8rement accessible<\/h2>\n\n\n\n<p><strong>Les fonctionnalit\u00e9s suivantes ne sont pas encore totalement accessibles :<\/strong><\/p>\n\n\n\n<ul class=\"wp-block-list\">\n<li>Certaines images d\u00e9coratives n'ont pas d'attributs alt appropri\u00e9s.<\/li>\n\n\n\n<li>Le s\u00e9lecteur de langue doit \u00eatre am\u00e9lior\u00e9 pour permettre une navigation fluide sur le clavier.<\/li>\n\n\n\n<li>Le contraste de certaines ic\u00f4nes secondaires doit \u00eatre renforc\u00e9.<\/li>\n<\/ul>\n<\/div>\n\n\n\n<div class=\"wp-block-group top-divider has-global-padding is-layout-constrained wp-container-core-group-is-layout-6389071f wp-block-group-is-layout-constrained\" style=\"border-radius:10px;border-top-color:var(--wp--preset--color--tertiary);border-top-width:1px;padding-top:var(--wp--preset--spacing--medium);padding-right:0;padding-bottom:var(--wp--preset--spacing--small);padding-left:0\">\n<h2 class=\"wp-block-heading\">4. Alternatives disponibles<\/h2>\n\n\n\n<p>Si vous avez besoin d'une version accessible d'un contenu sp\u00e9cifique, veuillez <a href=\"http:\/\/localhost:8080\/contact\/\">nous contacter<\/a>. Nous vous proposerons une alternative d\u00e8s que possible.<\/p>\n<\/div>\n\n\n\n<div class=\"wp-block-group top-divider has-global-padding is-layout-constrained wp-container-core-group-is-layout-6389071f wp-block-group-is-layout-constrained\" style=\"border-radius:10px;border-top-color:var(--wp--preset--color--tertiary);border-top-width:1px;padding-top:var(--wp--preset--spacing--medium);padding-right:0;padding-bottom:var(--wp--preset--spacing--small);padding-left:0\">\n<h2 class=\"wp-block-heading\">Date de la d\u00e9claration<\/h2>\n\n\n\n<p>Cette d\u00e9claration a \u00e9t\u00e9 \u00e9tablie le <strong>4 d\u00e9cembre 2025<\/strong>, sur la base d'une auto-\u00e9valuation interne, sans obligation l\u00e9gale de s'y conformer.<\/p>\n<\/div>\n\n\n\n<div class=\"wp-block-group has-border-color has-background has-global-padding is-layout-constrained wp-container-core-group-is-layout-413c92ec wp-block-group-is-layout-constrained\" style=\"border-color:#e8e8e8;border-width:1px;border-radius:10px;background-color:#f6f6f7;margin-top:var(--wp--preset--spacing--large);margin-bottom:var(--wp--preset--spacing--large);padding-top:var(--wp--preset--spacing--medium);padding-right:var(--wp--preset--spacing--medium);padding-bottom:var(--wp--preset--spacing--medium);padding-left:var(--wp--preset--spacing--medium)\">\n<h2 class=\"wp-block-heading\">Contact<\/h2>\n\n\n\n<p class=\"has-x-small-font-size\">Si vous avez des questions ou des pr\u00e9occupations :<\/p>\n\n\n\n<div class=\"wp-block-columns is-layout-flex wp-container-core-columns-is-layout-28f84493 wp-block-columns-is-layout-flex\">\n<div class=\"wp-block-column is-layout-flow wp-block-column-is-layout-flow\">\n<div class=\"wp-block-group is-nowrap is-layout-flex wp-container-core-group-is-layout-1b11d160 wp-block-group-is-layout-flex\">\n<div class=\"wp-block-group has-border-color has-base-border-color has-background has-global-padding is-layout-constrained wp-container-core-group-is-layout-6895a059 wp-block-group-is-layout-constrained\" style=\"border-width:8px;border-radius:40px;background-color:#e8e8e8;padding-top:10px;padding-right:12px;padding-bottom:10px;padding-left:12px\">\n<figure class=\"wp-block-image size-large is-resized\"><noscript><img decoding=\"async\" width=\"19\" height=\"22\" src=\"https:\/\/www.5thfloor.be\/wp-content\/uploads\/2025\/09\/pin.svg\" alt=\"\u00c9pingle\" class=\"wp-image-892\" style=\"object-fit:cover;width:20px;height:24px\"><\/noscript><img decoding=\"async\" width=\"19\" height=\"22\" src=\"data:image\/svg+xml,%3Csvg%20xmlns%3D%22http%3A%2F%2Fwww.w3.org%2F2000%2Fsvg%22%20viewBox%3D%220%200%2019%2022%22%3E%3C%2Fsvg%3E\" alt=\"\u00c9pingle\" class=\"wp-image-892 lazyload\" style=\"object-fit:cover;width:20px;height:24px\" data-src=\"https:\/\/www.5thfloor.be\/wp-content\/uploads\/2025\/09\/pin.svg\"><\/figure>\n<\/div>\n\n\n\n<div class=\"wp-block-group has-global-padding is-layout-constrained wp-block-group-is-layout-constrained\">\n<p><a href=\"https:\/\/maps.app.goo.gl\/1SHxZbqYaenqosUNA\">Boulevard du Souverain 24<br>1170 Bruxelles - Belgique<\/a><\/p>\n<\/div>\n<\/div>\n<\/div>\n\n\n\n<div class=\"wp-block-column is-layout-flow wp-block-column-is-layout-flow\">\n<div class=\"wp-block-group is-nowrap is-layout-flex wp-container-core-group-is-layout-1b11d160 wp-block-group-is-layout-flex\">\n<div class=\"wp-block-group has-border-color has-base-border-color has-background has-global-padding is-layout-constrained wp-container-core-group-is-layout-6895a059 wp-block-group-is-layout-constrained\" style=\"border-width:8px;border-radius:40px;background-color:#e8e8e8;padding-top:10px;padding-right:12px;padding-bottom:10px;padding-left:12px\">\n<figure class=\"wp-block-image size-large is-resized\"><noscript><img decoding=\"async\" width=\"16\" height=\"17\" src=\"https:\/\/www.5thfloor.be\/wp-content\/uploads\/2025\/12\/send-black.svg\" alt class=\"wp-image-2102\" style=\"object-fit:cover;width:20px;height:24px\"><\/noscript><img decoding=\"async\" width=\"16\" height=\"17\" src=\"data:image\/svg+xml,%3Csvg%20xmlns%3D%22http%3A%2F%2Fwww.w3.org%2F2000%2Fsvg%22%20viewBox%3D%220%200%2016%2017%22%3E%3C%2Fsvg%3E\" alt class=\"wp-image-2102 lazyload\" style=\"object-fit:cover;width:20px;height:24px\" data-src=\"https:\/\/www.5thfloor.be\/wp-content\/uploads\/2025\/12\/send-black.svg\"><\/figure>\n<\/div>\n\n\n\n<div class=\"wp-block-group has-global-padding is-layout-constrained wp-block-group-is-layout-constrained\">\n<p>Courriel :<br><a href=\"mailto:info@5thfloor.be\">info@5thfloor.be<\/a><\/p>\n<\/div>\n<\/div>\n<\/div>\n<\/div>\n<\/div>\n<\/div>\n\n\n\n<div class=\"wp-block-column is-layout-flow wp-container-core-column-is-layout-c7b3064f wp-block-column-is-layout-flow\" style=\"flex-basis:400px\">\n<div class=\"wp-block-group has-global-padding is-layout-constrained wp-block-group-is-layout-constrained\" style=\"margin-top:0;padding-top:0\">\n<div class=\"wp-block-group has-border-color has-global-padding is-layout-constrained wp-container-core-group-is-layout-f1768a71 wp-block-group-is-layout-constrained\" style=\"border-color:#e8e8e8;border-width:1px;border-radius:10px;padding-top:var(--wp--preset--spacing--medium);padding-right:var(--wp--preset--spacing--medium);padding-bottom:var(--wp--preset--spacing--medium);padding-left:var(--wp--preset--spacing--medium)\"><nav class=\"is-vertical policy-side-nav wp-block-navigation is-layout-flex wp-container-core-navigation-is-layout-4b827052 wp-block-navigation-is-layout-flex\" aria-label=\"Menu 2\"><ul class=\"wp-block-navigation__container  is-vertical policy-side-nav wp-block-navigation\"><li class=\"wp-block-navigation-item wp-block-navigation-link\"><a class=\"wp-block-navigation-item__content\" href=\"https:\/\/www.5thfloor.be\/fr\/politique-de-confidentialite-2\/\"><span class=\"wp-block-navigation-item__label\">Politique de confidentialit\u00e9<\/span><\/a><\/li><li class=\"wp-block-navigation-item wp-block-navigation-link\"><a class=\"wp-block-navigation-item__content\" href=\"https:\/\/www.5thfloor.be\/fr\/cookie-policy\/\"><span class=\"wp-block-navigation-item__label\">Politique des cookies<\/span><\/a><\/li><li class=\"wp-block-navigation-item wp-block-navigation-link\"><a class=\"wp-block-navigation-item__content\" href=\"https:\/\/www.5thfloor.be\/fr\/accessibilite\/\"><span class=\"wp-block-navigation-item__label\">Accessibilit\u00e9<\/span><\/a><\/li><li class=\"wp-block-navigation-item link-cookies-banner-btn wp-block-navigation-link\"><a class=\"wp-block-navigation-item__content\" href=\"\/fr\/\"><span class=\"wp-block-navigation-item__label\">Vos choix en mati\u00e8re de confidentialit\u00e9<\/span><\/a><\/li><\/ul><\/nav><\/div>\n\n\n\n<div class=\"wp-block-group has-border-color has-background has-global-padding is-layout-constrained wp-container-core-group-is-layout-413c92ec wp-block-group-is-layout-constrained\" style=\"border-color:#e8e8e8;border-width:1px;border-radius:10px;background-color:#e8e8e8;margin-top:var(--wp--preset--spacing--large);margin-bottom:var(--wp--preset--spacing--large);padding-top:var(--wp--preset--spacing--medium);padding-right:var(--wp--preset--spacing--medium);padding-bottom:var(--wp--preset--spacing--medium);padding-left:var(--wp--preset--spacing--medium)\">\n<h2 class=\"wp-block-heading has-base-font-size\" style=\"font-style:normal;font-weight:600\">Besoin d'aide ?<\/h2>\n\n\n\n<p class=\"has-x-small-font-size\">Notre \u00e9quipe est l\u00e0 pour vous accompagner dans votre projet<\/p>\n\n\n\n<div class=\"wp-block-buttons is-layout-flex wp-block-buttons-is-layout-flex\">\n<div class=\"wp-block-button text-no-wrap is-style-button-brand btn-primary-black-no-border is-style-button-brand--1\"><a class=\"wp-block-button__link has-x-small-font-size has-custom-font-size wp-element-button\" href=\"https:\/\/www.5thfloor.be\/fr\/contact\/\" style=\"border-radius:8px\">Formulaire de contact<\/a><\/div>\n<\/div>\n<\/div>\n\n\n\n<div class=\"wp-block-group side-bar-wfu has-border-color has-background has-global-padding is-layout-constrained wp-container-core-group-is-layout-413c92ec wp-block-group-is-layout-constrained\" style=\"border-color:#e8e8e8;border-width:1px;border-radius:10px;background-color:#e8e8e8;margin-top:var(--wp--preset--spacing--large);margin-bottom:var(--wp--preset--spacing--large);padding-top:var(--wp--preset--spacing--medium);padding-right:var(--wp--preset--spacing--medium);padding-bottom:var(--wp--preset--spacing--medium);padding-left:var(--wp--preset--spacing--medium)\">\n<h2 class=\"wp-block-heading has-base-font-size\" style=\"font-style:normal;font-weight:600\">O\u00f9 nous trouver ?<\/h2>\n\n\n\n<p class=\"has-x-small-font-size\"><a href=\"https:\/\/maps.app.goo.gl\/1SHxZbqYaenqosUNA\">Boulevard du Souverain 24 1170 Bruxelles - Belgique<\/a><\/p>\n<\/div>\n<\/div>\n<\/div>\n<\/div>\n\n\n\n<\/div>","protected":false},"excerpt":{"rendered":"<p>Last updated: december05, 2025 At 5th floor, we believe that access to information and digital services should be available to everyone, regardless of age, ability, or the tools used. Although the website http:\/\/www.5thfloor.be is not subject to a legal obligation regarding accessibility, we have chosen to publish this statement as a commitment to corporate social [&hellip;]<\/p>\n","protected":false},"author":1,"featured_media":0,"parent":0,"menu_order":0,"comment_status":"closed","ping_status":"closed","template":"","meta":{"inline_featured_image":false,"_uag_custom_page_level_css":"","footnotes":""},"class_list":["post-1086","page","type-page","status-publish","hentry"],"yoast_head":"<!-- This site is optimized with the Yoast SEO plugin v27.4 - https:\/\/yoast.com\/product\/yoast-seo-wordpress\/ -->\n<title>Ensuring universal access to information and digital services for all - 5th floor<\/title>\n<meta name=\"description\" content=\"Ensuring universal access to information and digital services for all regardless of age abilities or tools to promote inclusion and usability\" \/>\n<meta name=\"robots\" content=\"index, follow, max-snippet:-1, max-image-preview:large, max-video-preview:-1\" \/>\n<link rel=\"canonical\" href=\"https:\/\/www.5thfloor.be\/fr\/accessibilite\/\" \/>\n<meta property=\"og:locale\" content=\"fr_FR\" \/>\n<meta property=\"og:type\" content=\"article\" \/>\n<meta property=\"og:title\" content=\"Ensuring universal access to information and digital services for all - 5th floor\" \/>\n<meta property=\"og:description\" content=\"Ensuring universal access to information and digital services for all regardless of age abilities or tools to promote inclusion and usability\" \/>\n<meta property=\"og:url\" content=\"https:\/\/www.5thfloor.be\/fr\/accessibilite\/\" \/>\n<meta property=\"og:site_name\" content=\"5th floor\" \/>\n<meta property=\"article:modified_time\" content=\"2025-12-10T15:43:41+00:00\" \/>\n<meta name=\"twitter:card\" content=\"summary_large_image\" \/>\n<meta name=\"twitter:label1\" content=\"Dur\u00e9e de lecture estim\u00e9e\" \/>\n\t<meta name=\"twitter:data1\" content=\"4 minutes\" \/>\n<script type=\"application\/ld+json\" class=\"yoast-schema-graph\">{\"@context\":\"https:\\\/\\\/schema.org\",\"@graph\":[{\"@type\":\"WebPage\",\"@id\":\"https:\\\/\\\/www.5thfloor.be\\\/accessibility\\\/\",\"url\":\"https:\\\/\\\/www.5thfloor.be\\\/accessibility\\\/\",\"name\":\"Ensuring universal access to information and digital services for all - 5th floor\",\"isPartOf\":{\"@id\":\"https:\\\/\\\/www.5thfloor.be\\\/#website\"},\"primaryImageOfPage\":{\"@id\":\"https:\\\/\\\/www.5thfloor.be\\\/accessibility\\\/#primaryimage\"},\"image\":{\"@id\":\"https:\\\/\\\/www.5thfloor.be\\\/accessibility\\\/#primaryimage\"},\"thumbnailUrl\":\"https:\\\/\\\/www.5thfloor.be\\\/wp-content\\\/uploads\\\/2025\\\/09\\\/pin.svg\",\"datePublished\":\"2025-09-23T14:46:13+00:00\",\"dateModified\":\"2025-12-10T15:43:41+00:00\",\"description\":\"Ensuring universal access to information and digital services for all regardless of age abilities or tools to promote inclusion and usability\",\"breadcrumb\":{\"@id\":\"https:\\\/\\\/www.5thfloor.be\\\/accessibility\\\/#breadcrumb\"},\"inLanguage\":\"fr-FR\",\"potentialAction\":[{\"@type\":\"ReadAction\",\"target\":[\"https:\\\/\\\/www.5thfloor.be\\\/accessibility\\\/\"]}]},{\"@type\":\"ImageObject\",\"inLanguage\":\"fr-FR\",\"@id\":\"https:\\\/\\\/www.5thfloor.be\\\/accessibility\\\/#primaryimage\",\"url\":\"https:\\\/\\\/www.5thfloor.be\\\/wp-content\\\/uploads\\\/2025\\\/09\\\/pin.svg\",\"contentUrl\":\"https:\\\/\\\/www.5thfloor.be\\\/wp-content\\\/uploads\\\/2025\\\/09\\\/pin.svg\"},{\"@type\":\"BreadcrumbList\",\"@id\":\"https:\\\/\\\/www.5thfloor.be\\\/accessibility\\\/#breadcrumb\",\"itemListElement\":[{\"@type\":\"ListItem\",\"position\":1,\"name\":\"Home\",\"item\":\"https:\\\/\\\/www.5thfloor.be\\\/\"},{\"@type\":\"ListItem\",\"position\":2,\"name\":\"Accessibility\"}]},{\"@type\":\"WebSite\",\"@id\":\"https:\\\/\\\/www.5thfloor.be\\\/#website\",\"url\":\"https:\\\/\\\/www.5thfloor.be\\\/\",\"name\":\"5th floor \u2014 Digital transformation partner for the Belgian public sector\",\"description\":\"Digital transformation partner for Belgian public sector institutions since 2017. Specialised in legacy modernisation through software upcycling, responsible AI integration, and organisational change management. B Corporation Certified since 2025. Around 120 consultants serving ONE, SPW, ONEM, and other major Belgian public institutions.\",\"publisher\":{\"@id\":\"https:\\\/\\\/www.5thfloor.be\\\/#organization\"},\"potentialAction\":[{\"@type\":\"SearchAction\",\"target\":{\"@type\":\"EntryPoint\",\"urlTemplate\":\"https:\\\/\\\/www.5thfloor.be\\\/?s={search_term_string}\"},\"query-input\":{\"@type\":\"PropertyValueSpecification\",\"valueRequired\":true,\"valueName\":\"search_term_string\"}}],\"inLanguage\":\"fr-FR\"},{\"@type\":\"Organization\",\"@id\":\"https:\\\/\\\/www.5thfloor.be\\\/#organization\",\"name\":\"5th floor\",\"alternateName\":\"5th floor software\",\"url\":\"https:\\\/\\\/www.5thfloor.be\\\/\",\"logo\":{\"@type\":\"ImageObject\",\"inLanguage\":\"fr-FR\",\"@id\":\"https:\\\/\\\/www.5thfloor.be\\\/#\\\/schema\\\/logo\\\/image\\\/\",\"url\":\"https:\\\/\\\/www.5thfloor.be\\\/wp-content\\\/uploads\\\/2026\\\/04\\\/5th_floor_software_logo.jpeg\",\"contentUrl\":\"https:\\\/\\\/www.5thfloor.be\\\/wp-content\\\/uploads\\\/2026\\\/04\\\/5th_floor_software_logo.jpeg\",\"width\":200,\"height\":200,\"caption\":\"5th floor\"},\"image\":{\"@id\":\"https:\\\/\\\/www.5thfloor.be\\\/#\\\/schema\\\/logo\\\/image\\\/\"},\"sameAs\":[\"https:\\\/\\\/www.linkedin.com\\\/company\\\/5th-floor-software\\\/\"]}]}<\/script>\n<!-- \/ Yoast SEO plugin. -->","yoast_head_json":{"title":"Assurer l'acc\u00e8s universel \u00e0 l'information et aux services num\u00e9riques pour tous - 5th floor","description":"Garantir un acc\u00e8s universel \u00e0 l\u2019information et aux services num\u00e9riques pour tous, quel que soit leur \u00e2ge, leurs capacit\u00e9s ou leurs outils pour promouvoir l\u2019inclusion et la convivialit\u00e9","robots":{"index":"index","follow":"follow","max-snippet":"max-snippet:-1","max-image-preview":"max-image-preview:large","max-video-preview":"max-video-preview:-1"},"canonical":"https:\/\/www.5thfloor.be\/fr\/accessibilite\/","og_locale":"fr_FR","og_type":"article","og_title":"Ensuring universal access to information and digital services for all - 5th floor","og_description":"Ensuring universal access to information and digital services for all regardless of age abilities or tools to promote inclusion and usability","og_url":"https:\/\/www.5thfloor.be\/fr\/accessibilite\/","og_site_name":"5th floor","article_modified_time":"2025-12-10T15:43:41+00:00","twitter_card":"summary_large_image","twitter_misc":{"Dur\u00e9e de lecture estim\u00e9e":"4 minutes"},"schema":{"@context":"https:\/\/schema.org","@graph":[{"@type":"WebPage","@id":"https:\/\/www.5thfloor.be\/accessibility\/","url":"https:\/\/www.5thfloor.be\/accessibility\/","name":"Assurer l'acc\u00e8s universel \u00e0 l'information et aux services num\u00e9riques pour tous - 5th floor","isPartOf":{"@id":"https:\/\/www.5thfloor.be\/#website"},"primaryImageOfPage":{"@id":"https:\/\/www.5thfloor.be\/accessibility\/#primaryimage"},"image":{"@id":"https:\/\/www.5thfloor.be\/accessibility\/#primaryimage"},"thumbnailUrl":"https:\/\/www.5thfloor.be\/wp-content\/uploads\/2025\/09\/pin.svg","datePublished":"2025-09-23T14:46:13+00:00","dateModified":"2025-12-10T15:43:41+00:00","description":"Garantir un acc\u00e8s universel \u00e0 l\u2019information et aux services num\u00e9riques pour tous, quel que soit leur \u00e2ge, leurs capacit\u00e9s ou leurs outils pour promouvoir l\u2019inclusion et la convivialit\u00e9","breadcrumb":{"@id":"https:\/\/www.5thfloor.be\/accessibility\/#breadcrumb"},"inLanguage":"fr-FR","potentialAction":[{"@type":"ReadAction","target":["https:\/\/www.5thfloor.be\/accessibility\/"]}]},{"@type":"ImageObject","inLanguage":"fr-FR","@id":"https:\/\/www.5thfloor.be\/accessibility\/#primaryimage","url":"https:\/\/www.5thfloor.be\/wp-content\/uploads\/2025\/09\/pin.svg","contentUrl":"https:\/\/www.5thfloor.be\/wp-content\/uploads\/2025\/09\/pin.svg"},{"@type":"BreadcrumbList","@id":"https:\/\/www.5thfloor.be\/accessibility\/#breadcrumb","itemListElement":[{"@type":"ListItem","position":1,"name":"Home","item":"https:\/\/www.5thfloor.be\/"},{"@type":"ListItem","position":2,"name":"Accessibility"}]},{"@type":"WebSite","@id":"https:\/\/www.5thfloor.be\/#website","url":"https:\/\/www.5thfloor.be\/","name":"5th floor \u2014 Partenaire de transformation num\u00e9rique pour le secteur public belge","description":"Partenaire de transformation num\u00e9rique pour les institutions du secteur public belge depuis 2017. Sp\u00e9cialis\u00e9 dans la modernisation des syst\u00e8mes existants par le recyclage de logiciels, l'int\u00e9gration d'IA responsable et la gestion du changement organisationnel. Certifi\u00e9 B Corporation depuis 2025. Environ 120 consultants au service de ONE, SPW, ONEM, et d'autres grandes institutions publiques belges.","publisher":{"@id":"https:\/\/www.5thfloor.be\/#organization"},"potentialAction":[{"@type":"SearchAction","target":{"@type":"EntryPoint","urlTemplate":"https:\/\/www.5thfloor.be\/?s={search_term_string}"},"query-input":{"@type":"PropertyValueSpecification","valueRequired":true,"valueName":"search_term_string"}}],"inLanguage":"fr-FR"},{"@type":"Organization","@id":"https:\/\/www.5thfloor.be\/#organization","name":"5th floor","alternateName":"5th floor software","url":"https:\/\/www.5thfloor.be\/","logo":{"@type":"ImageObject","inLanguage":"fr-FR","@id":"https:\/\/www.5thfloor.be\/#\/schema\/logo\/image\/","url":"https:\/\/www.5thfloor.be\/wp-content\/uploads\/2026\/04\/5th_floor_software_logo.jpeg","contentUrl":"https:\/\/www.5thfloor.be\/wp-content\/uploads\/2026\/04\/5th_floor_software_logo.jpeg","width":200,"height":200,"caption":"5th floor"},"image":{"@id":"https:\/\/www.5thfloor.be\/#\/schema\/logo\/image\/"},"sameAs":["https:\/\/www.linkedin.com\/company\/5th-floor-software\/"]}]}},"uagb_featured_image_src":{"full":false,"thumbnail":false,"medium":false,"medium_large":false,"large":false,"1536x1536":false,"2048x2048":false,"trp-custom-language-flag":false},"uagb_author_info":{"display_name":"webmaster","author_link":"https:\/\/www.5thfloor.be\/fr\/author\/webmaster\/"},"uagb_comment_info":0,"uagb_excerpt":"Last updated: december05, 2025 At 5th floor, we believe that access to information and digital services should be available to everyone, regardless of age, ability, or the tools used. Although the website http:\/\/www.5thfloor.be is not subject to a legal obligation regarding accessibility, we have chosen to publish this statement as a commitment to corporate social\u2026","_links":{"self":[{"href":"https:\/\/www.5thfloor.be\/fr\/wp-json\/wp\/v2\/pages\/1086","targetHints":{"allow":["GET"]}}],"collection":[{"href":"https:\/\/www.5thfloor.be\/fr\/wp-json\/wp\/v2\/pages"}],"about":[{"href":"https:\/\/www.5thfloor.be\/fr\/wp-json\/wp\/v2\/types\/page"}],"author":[{"embeddable":true,"href":"https:\/\/www.5thfloor.be\/fr\/wp-json\/wp\/v2\/users\/1"}],"replies":[{"embeddable":true,"href":"https:\/\/www.5thfloor.be\/fr\/wp-json\/wp\/v2\/comments?post=1086"}],"version-history":[{"count":20,"href":"https:\/\/www.5thfloor.be\/fr\/wp-json\/wp\/v2\/pages\/1086\/revisions"}],"predecessor-version":[{"id":2207,"href":"https:\/\/www.5thfloor.be\/fr\/wp-json\/wp\/v2\/pages\/1086\/revisions\/2207"}],"wp:attachment":[{"href":"https:\/\/www.5thfloor.be\/fr\/wp-json\/wp\/v2\/media?parent=1086"}],"curies":[{"name":"wp","href":"https:\/\/api.w.org\/{rel}","templated":true}]}}